{"id":596,"date":"2021-05-15T12:09:06","date_gmt":"2021-05-15T12:09:06","guid":{"rendered":"https:\/\/adwokat-krygier.pl\/?page_id=596"},"modified":"2021-05-15T12:09:31","modified_gmt":"2021-05-15T12:09:31","slug":"grant-2","status":"publish","type":"page","link":"https:\/\/adwokat-krygier.pl\/index.php\/grant-2\/","title":{"rendered":"Grant"},"content":{"rendered":"<p>[et_pb_section fb_built=&#8221;1&#8243; _builder_version=&#8221;4.6.3&#8243; _module_preset=&#8221;default&#8221; background_color=&#8221;#ffffff&#8221; custom_padding=&#8221;0px||0px|||&#8221;][et_pb_row _builder_version=&#8221;4.6.3&#8243; _module_preset=&#8221;default&#8221; max_width=&#8221;80%&#8221;][et_pb_column type=&#8221;4_4&#8243; _builder_version=&#8221;4.6.3&#8243; _module_preset=&#8221;default&#8221;][et_pb_text _builder_version=&#8221;4.6.3&#8243; _module_preset=&#8221;default&#8221; text_text_color=&#8221;#000000&#8243; text_font_size=&#8221;10px&#8221; custom_margin=&#8221;||-4px|||&#8221;]<\/p>\n<p><span style=\"font-weight: 400;\">Grantobiorca: Kancelaria Adwokacka Adwokat Joanna Krygier<\/span><\/p>\n<p><span style=\"font-weight: 400;\">Warto\u015b\u0107 grantu: 23.535,33 z\u0142<\/span><\/p>\n<p><span style=\"font-weight: 400;\">Projekt \u201eWsparcie antykryzysowe dla mikro i ma\u0142ych przedsi\u0119biorstw Warmii i Mazur\u201d<\/span><span style=\"font-weight: 400;\"><br \/> <\/span><span style=\"font-weight: 400;\">Wsparcie udzielone w ramach Europejskiego Funduszu Rozwoju Regionalnego w ramach Regionalnego Programu Operacyjnego Wojew\u00f3dztwa Warmi\u0144sko-Mazurskiego na lata 2014-2020, Poddzia\u0142anie 1.3.5 Us\u0142ugi dla M\u015aP<\/span><\/p>\n<p>[\/et_pb_text][\/et_pb_column][\/et_pb_row][et_pb_row _builder_version=&#8221;4.6.3&#8243; _module_preset=&#8221;default&#8221; max_width=&#8221;80%&#8221; custom_padding=&#8221;||2px|||&#8221;][et_pb_column type=&#8221;4_4&#8243; _builder_version=&#8221;4.6.3&#8243; _module_preset=&#8221;default&#8221;][et_pb_image src=&#8221;https:\/\/adwokat-krygier.pl\/wp-content\/uploads\/2021\/05\/grant.png&#8221; title_text=&#8221;grant&#8221; _builder_version=&#8221;4.6.3&#8243; _module_preset=&#8221;default&#8221;][\/et_pb_image][\/et_pb_column][\/et_pb_row][\/et_pb_section]<\/p>\n","protected":false},"excerpt":{"rendered":"<p>Grantobiorca: Kancelaria Adwokacka Adwokat Joanna Krygier Warto\u015b\u0107 grantu: 23.535,33 z\u0142 Projekt \u201eWsparcie antykryzysowe dla mikro i ma\u0142ych przedsi\u0119biorstw Warmii i Mazur\u201d Wsparcie udzielone w ramach Europejskiego Funduszu Rozwoju Regionalnego w ramach Regionalnego Programu Operacyjnego Wojew\u00f3dztwa Warmi\u0144sko-Mazurskiego na lata 2014-2020, Poddzia\u0142anie 1.3.5 Us\u0142ugi dla M\u015aP<\/p>\n","protected":false},"author":1,"featured_media":0,"parent":0,"menu_order":0,"comment_status":"closed","ping_status":"closed","template":"","meta":{"_et_pb_use_builder":"on","_et_pb_old_content":"","_et_gb_content_width":""},"_links":{"self":[{"href":"https:\/\/adwokat-krygier.pl\/index.php\/wp-json\/wp\/v2\/pages\/596"}],"collection":[{"href":"https:\/\/adwokat-krygier.pl\/index.php\/wp-json\/wp\/v2\/pages"}],"about":[{"href":"https:\/\/adwokat-krygier.pl\/index.php\/wp-json\/wp\/v2\/types\/page"}],"author":[{"embeddable":true,"href":"https:\/\/adwokat-krygier.pl\/index.php\/wp-json\/wp\/v2\/users\/1"}],"replies":[{"embeddable":true,"href":"https:\/\/adwokat-krygier.pl\/index.php\/wp-json\/wp\/v2\/comments?post=596"}],"version-history":[{"count":2,"href":"https:\/\/adwokat-krygier.pl\/index.php\/wp-json\/wp\/v2\/pages\/596\/revisions"}],"predecessor-version":[{"id":598,"href":"https:\/\/adwokat-krygier.pl\/index.php\/wp-json\/wp\/v2\/pages\/596\/revisions\/598"}],"wp:attachment":[{"href":"https:\/\/adwokat-krygier.pl\/index.php\/wp-json\/wp\/v2\/media?parent=596"}],"curies":[{"name":"wp","href":"https:\/\/api.w.org\/{rel}","templated":true}]}}